{"id":1432,"date":"2023-10-30T11:13:28","date_gmt":"2023-10-30T11:13:28","guid":{"rendered":"https:\/\/blog.francedit.com\/?page_id=1432"},"modified":"2024-01-15T11:33:26","modified_gmt":"2024-01-15T11:33:26","slug":"articles-conseils-et-astuces","status":"publish","type":"page","link":"https:\/\/blog.francedit.com\/?page_id=1432","title":{"rendered":"Articles Conseils et Astuces"},"content":{"rendered":"\t\t<div data-elementor-type=\"wp-page\" data-elementor-id=\"1432\" class=\"elementor elementor-1432\">\n\t\t\t\t<div class=\"elementor-element elementor-element-195e8c0 e-flex e-con-boxed e-con e-parent\" data-id=\"195e8c0\" data-element_type=\"container\" data-e-type=\"container\">\n\t\t\t\t\t<div class=\"e-con-inner\">\n\t\t\t\t<div class=\"elementor-element elementor-element-460fd7c elementor-widget elementor-widget-heading\" data-id=\"460fd7c\" data-element_type=\"widget\" data-e-type=\"widget\" data-widget_type=\"heading.default\">\n\t\t\t\t<div class=\"elementor-widget-container\">\n\t\t\t\t\t<h2 class=\"elementor-heading-title elementor-size-default\">\ud83d\udcdd Conseils et Astuces<\/h2>\t\t\t\t<\/div>\n\t\t\t\t<\/div>\n\t\t\t\t\t<\/div>\n\t\t\t\t<\/div>\n\t\t\t\t<\/div>\n\t\t","protected":false},"excerpt":{"rendered":"<p>\ud83d\udcdd Conseils et Astuces Tous les Post Conseils et Astuces L\u2019Art de se faire conna\u00eetre : Pourquoi la publicit\u00e9 est indispensable 3 novembre 2023\/No Comments Dans un monde o\u00f9 chaque coin de rue, chaque clic, chaque d\u00e9filement de pouce pourrait r\u00e9v\u00e9ler la prochaine grande nouveaut\u00e9,\u2026 Lire Plus Fawn Sebastian talking about the Art of Color &hellip;<\/p>\n<p class=\"read-more\"> <a class=\"\" href=\"https:\/\/blog.francedit.com\/?page_id=1432\"> <span class=\"screen-reader-text\">Articles Conseils et Astuces<\/span> Lire la suite\u00a0\u00bb<\/a><\/p>\n","protected":false},"author":1,"featured_media":0,"parent":0,"menu_order":0,"comment_status":"closed","ping_status":"closed","template":"","meta":{"site-sidebar-layout":"no-sidebar","site-content-layout":"page-builder","ast-site-content-layout":"full-width-container","site-content-style":"default","site-sidebar-style":"default","ast-global-header-display":"","ast-banner-title-visibility":"","ast-main-header-display":"","ast-hfb-above-header-display":"","ast-hfb-below-header-display":"","ast-hfb-mobile-header-display":"","site-post-title":"disabled","ast-breadcrumbs-content":"","ast-featured-img":"disabled","footer-sml-layout":"","theme-transparent-header-meta":"default","adv-header-id-meta":"","stick-header-meta":"","header-above-stick-meta":"","header-main-stick-meta":"","header-below-stick-meta":"","astra-migrate-meta-layouts":"set","ast-page-background-enabled":"default","ast-page-background-meta":{"desktop":{"background-color":"","background-image":"","background-repeat":"repeat","background-position":"center center","background-size":"auto","background-attachment":"scroll","background-type":"","background-media":"","overlay-type":"","overlay-color":"","overlay-gradient":""},"tablet":{"background-color":"","background-image":"","background-repeat":"repeat","background-position":"center center","background-size":"auto","background-attachment":"scroll","background-type":"","background-media":"","overlay-type":"","overlay-color":"","overlay-gradient":""},"mobile":{"background-color":"","background-image":"","background-repeat":"repeat","background-position":"center center","background-size":"auto","background-attachment":"scroll","background-type":"","background-media":"","overlay-type":"","overlay-color":"","overlay-gradient":""}},"ast-content-background-meta":{"desktop":{"background-color":"var(--ast-global-color-5)","background-image":"","background-repeat":"repeat","background-position":"center center","background-size":"auto","background-attachment":"scroll","background-type":"","background-media":"","overlay-type":"","overlay-color":"","overlay-gradient":""},"tablet":{"background-color":"var(--ast-global-color-5)","background-image":"","background-repeat":"repeat","background-position":"center center","background-size":"auto","background-attachment":"scroll","background-type":"","background-media":"","overlay-type":"","overlay-color":"","overlay-gradient":""},"mobile":{"background-color":"var(--ast-global-color-5)","background-image":"","background-repeat":"repeat","background-position":"center center","background-size":"auto","background-attachment":"scroll","background-type":"","background-media":"","overlay-type":"","overlay-color":"","overlay-gradient":""}},"footnotes":""},"class_list":["post-1432","page","type-page","status-publish","hentry"],"yoast_head":"<!-- This site is optimized with the Yoast SEO plugin v27.6 - https:\/\/yoast.com\/product\/yoast-seo-wordpress\/ -->\n<title>Articles Conseils et Astuces - Blog France Edition<\/title>\n<meta name=\"robots\" content=\"index, follow, max-snippet:-1, max-image-preview:large, max-video-preview:-1\" \/>\n<link rel=\"canonical\" href=\"https:\/\/blog.francedit.com\/?page_id=1432\" \/>\n<meta property=\"og:locale\" content=\"fr_FR\" \/>\n<meta property=\"og:type\" content=\"article\" \/>\n<meta property=\"og:title\" content=\"Articles Conseils et Astuces - Blog France Edition\" \/>\n<meta property=\"og:description\" content=\"\ud83d\udcdd Conseils et Astuces Tous les Post Conseils et Astuces L\u2019Art de se faire conna\u00eetre : Pourquoi la publicit\u00e9 est indispensable 3 novembre 2023\/No Comments Dans un monde o\u00f9 chaque coin de rue, chaque clic, chaque d\u00e9filement de pouce pourrait r\u00e9v\u00e9ler la prochaine grande nouveaut\u00e9,\u2026 Lire Plus Fawn Sebastian talking about the Art of Color &hellip; Articles Conseils et Astuces Lire la suite\u00a0\u00bb\" \/>\n<meta property=\"og:url\" content=\"https:\/\/blog.francedit.com\/?page_id=1432\" \/>\n<meta property=\"og:site_name\" content=\"Blog France Edition\" \/>\n<meta property=\"article:publisher\" content=\"https:\/\/www.facebook.com\/francedit.multimedia\" \/>\n<meta property=\"article:modified_time\" content=\"2024-01-15T11:33:26+00:00\" \/>\n<meta property=\"og:image\" content=\"https:\/\/blog.francedit.com\/wp-content\/uploads\/2023\/11\/eleni-afiontzi-gLU8GZpHtRA-unsplash-1.jpg\" \/>\n<meta name=\"twitter:card\" content=\"summary_large_image\" \/>\n<meta name=\"twitter:label1\" content=\"Dur\u00e9e de lecture estim\u00e9e\" \/>\n\t<meta name=\"twitter:data1\" content=\"2 minutes\" \/>\n<script type=\"application\/ld+json\" class=\"yoast-schema-graph\">{\"@context\":\"https:\\\/\\\/schema.org\",\"@graph\":[{\"@type\":\"WebPage\",\"@id\":\"https:\\\/\\\/blog.francedit.com\\\/?page_id=1432\",\"url\":\"https:\\\/\\\/blog.francedit.com\\\/?page_id=1432\",\"name\":\"Articles Conseils et Astuces - Blog France Edition\",\"isPartOf\":{\"@id\":\"https:\\\/\\\/blog.francedit.com\\\/#website\"},\"primaryImageOfPage\":{\"@id\":\"https:\\\/\\\/blog.francedit.com\\\/?page_id=1432#primaryimage\"},\"image\":{\"@id\":\"https:\\\/\\\/blog.francedit.com\\\/?page_id=1432#primaryimage\"},\"thumbnailUrl\":\"https:\\\/\\\/blog.francedit.com\\\/wp-content\\\/uploads\\\/2023\\\/11\\\/eleni-afiontzi-gLU8GZpHtRA-unsplash-1.jpg\",\"datePublished\":\"2023-10-30T11:13:28+00:00\",\"dateModified\":\"2024-01-15T11:33:26+00:00\",\"breadcrumb\":{\"@id\":\"https:\\\/\\\/blog.francedit.com\\\/?page_id=1432#breadcrumb\"},\"inLanguage\":\"fr-FR\",\"potentialAction\":[{\"@type\":\"ReadAction\",\"target\":[\"https:\\\/\\\/blog.francedit.com\\\/?page_id=1432\"]}]},{\"@type\":\"ImageObject\",\"inLanguage\":\"fr-FR\",\"@id\":\"https:\\\/\\\/blog.francedit.com\\\/?page_id=1432#primaryimage\",\"url\":\"https:\\\/\\\/blog.francedit.com\\\/wp-content\\\/uploads\\\/2023\\\/11\\\/eleni-afiontzi-gLU8GZpHtRA-unsplash-1.jpg\",\"contentUrl\":\"https:\\\/\\\/blog.francedit.com\\\/wp-content\\\/uploads\\\/2023\\\/11\\\/eleni-afiontzi-gLU8GZpHtRA-unsplash-1.jpg\",\"width\":966,\"height\":596},{\"@type\":\"BreadcrumbList\",\"@id\":\"https:\\\/\\\/blog.francedit.com\\\/?page_id=1432#breadcrumb\",\"itemListElement\":[{\"@type\":\"ListItem\",\"position\":1,\"name\":\"Accueil\",\"item\":\"https:\\\/\\\/blog.francedit.com\\\/\"},{\"@type\":\"ListItem\",\"position\":2,\"name\":\"Articles Conseils et Astuces\"}]},{\"@type\":\"WebSite\",\"@id\":\"https:\\\/\\\/blog.francedit.com\\\/#website\",\"url\":\"https:\\\/\\\/blog.francedit.com\\\/\",\"name\":\"Blog France Edition\",\"description\":\"Blog France Edition Multimedia\",\"publisher\":{\"@id\":\"https:\\\/\\\/blog.francedit.com\\\/#organization\"},\"potentialAction\":[{\"@type\":\"SearchAction\",\"target\":{\"@type\":\"EntryPoint\",\"urlTemplate\":\"https:\\\/\\\/blog.francedit.com\\\/?s={search_term_string}\"},\"query-input\":{\"@type\":\"PropertyValueSpecification\",\"valueRequired\":true,\"valueName\":\"search_term_string\"}}],\"inLanguage\":\"fr-FR\"},{\"@type\":\"Organization\",\"@id\":\"https:\\\/\\\/blog.francedit.com\\\/#organization\",\"name\":\"Blog France Edition\",\"url\":\"https:\\\/\\\/blog.francedit.com\\\/\",\"logo\":{\"@type\":\"ImageObject\",\"inLanguage\":\"fr-FR\",\"@id\":\"https:\\\/\\\/blog.francedit.com\\\/#\\\/schema\\\/logo\\\/image\\\/\",\"url\":\"https:\\\/\\\/blog.francedit.com\\\/wp-content\\\/uploads\\\/2023\\\/10\\\/cropped-fem-logo-carre-fotor-bg-remover-2023102615525-1.png\",\"contentUrl\":\"https:\\\/\\\/blog.francedit.com\\\/wp-content\\\/uploads\\\/2023\\\/10\\\/cropped-fem-logo-carre-fotor-bg-remover-2023102615525-1.png\",\"width\":500,\"height\":500,\"caption\":\"Blog France Edition\"},\"image\":{\"@id\":\"https:\\\/\\\/blog.francedit.com\\\/#\\\/schema\\\/logo\\\/image\\\/\"},\"sameAs\":[\"https:\\\/\\\/www.facebook.com\\\/francedit.multimedia\",\"https:\\\/\\\/www.linkedin.com\\\/company\\\/france-edition-multimdia\\\/\"]}]}<\/script>\n<!-- \/ Yoast SEO plugin. -->","yoast_head_json":{"title":"Articles Conseils et Astuces - Blog France Edition","robots":{"index":"index","follow":"follow","max-snippet":"max-snippet:-1","max-image-preview":"max-image-preview:large","max-video-preview":"max-video-preview:-1"},"canonical":"https:\/\/blog.francedit.com\/?page_id=1432","og_locale":"fr_FR","og_type":"article","og_title":"Articles Conseils et Astuces - Blog France Edition","og_description":"\ud83d\udcdd Conseils et Astuces Tous les Post Conseils et Astuces L\u2019Art de se faire conna\u00eetre : Pourquoi la publicit\u00e9 est indispensable 3 novembre 2023\/No Comments Dans un monde o\u00f9 chaque coin de rue, chaque clic, chaque d\u00e9filement de pouce pourrait r\u00e9v\u00e9ler la prochaine grande nouveaut\u00e9,\u2026 Lire Plus Fawn Sebastian talking about the Art of Color &hellip; Articles Conseils et Astuces Lire la suite\u00a0\u00bb","og_url":"https:\/\/blog.francedit.com\/?page_id=1432","og_site_name":"Blog France Edition","article_publisher":"https:\/\/www.facebook.com\/francedit.multimedia","article_modified_time":"2024-01-15T11:33:26+00:00","og_image":[{"url":"https:\/\/blog.francedit.com\/wp-content\/uploads\/2023\/11\/eleni-afiontzi-gLU8GZpHtRA-unsplash-1.jpg","type":"","width":"","height":""}],"twitter_card":"summary_large_image","twitter_misc":{"Dur\u00e9e de lecture estim\u00e9e":"2 minutes"},"schema":{"@context":"https:\/\/schema.org","@graph":[{"@type":"WebPage","@id":"https:\/\/blog.francedit.com\/?page_id=1432","url":"https:\/\/blog.francedit.com\/?page_id=1432","name":"Articles Conseils et Astuces - Blog France Edition","isPartOf":{"@id":"https:\/\/blog.francedit.com\/#website"},"primaryImageOfPage":{"@id":"https:\/\/blog.francedit.com\/?page_id=1432#primaryimage"},"image":{"@id":"https:\/\/blog.francedit.com\/?page_id=1432#primaryimage"},"thumbnailUrl":"https:\/\/blog.francedit.com\/wp-content\/uploads\/2023\/11\/eleni-afiontzi-gLU8GZpHtRA-unsplash-1.jpg","datePublished":"2023-10-30T11:13:28+00:00","dateModified":"2024-01-15T11:33:26+00:00","breadcrumb":{"@id":"https:\/\/blog.francedit.com\/?page_id=1432#breadcrumb"},"inLanguage":"fr-FR","potentialAction":[{"@type":"ReadAction","target":["https:\/\/blog.francedit.com\/?page_id=1432"]}]},{"@type":"ImageObject","inLanguage":"fr-FR","@id":"https:\/\/blog.francedit.com\/?page_id=1432#primaryimage","url":"https:\/\/blog.francedit.com\/wp-content\/uploads\/2023\/11\/eleni-afiontzi-gLU8GZpHtRA-unsplash-1.jpg","contentUrl":"https:\/\/blog.francedit.com\/wp-content\/uploads\/2023\/11\/eleni-afiontzi-gLU8GZpHtRA-unsplash-1.jpg","width":966,"height":596},{"@type":"BreadcrumbList","@id":"https:\/\/blog.francedit.com\/?page_id=1432#breadcrumb","itemListElement":[{"@type":"ListItem","position":1,"name":"Accueil","item":"https:\/\/blog.francedit.com\/"},{"@type":"ListItem","position":2,"name":"Articles Conseils et Astuces"}]},{"@type":"WebSite","@id":"https:\/\/blog.francedit.com\/#website","url":"https:\/\/blog.francedit.com\/","name":"Blog France Edition","description":"Blog France Edition Multimedia","publisher":{"@id":"https:\/\/blog.francedit.com\/#organization"},"potentialAction":[{"@type":"SearchAction","target":{"@type":"EntryPoint","urlTemplate":"https:\/\/blog.francedit.com\/?s={search_term_string}"},"query-input":{"@type":"PropertyValueSpecification","valueRequired":true,"valueName":"search_term_string"}}],"inLanguage":"fr-FR"},{"@type":"Organization","@id":"https:\/\/blog.francedit.com\/#organization","name":"Blog France Edition","url":"https:\/\/blog.francedit.com\/","logo":{"@type":"ImageObject","inLanguage":"fr-FR","@id":"https:\/\/blog.francedit.com\/#\/schema\/logo\/image\/","url":"https:\/\/blog.francedit.com\/wp-content\/uploads\/2023\/10\/cropped-fem-logo-carre-fotor-bg-remover-2023102615525-1.png","contentUrl":"https:\/\/blog.francedit.com\/wp-content\/uploads\/2023\/10\/cropped-fem-logo-carre-fotor-bg-remover-2023102615525-1.png","width":500,"height":500,"caption":"Blog France Edition"},"image":{"@id":"https:\/\/blog.francedit.com\/#\/schema\/logo\/image\/"},"sameAs":["https:\/\/www.facebook.com\/francedit.multimedia","https:\/\/www.linkedin.com\/company\/france-edition-multimdia\/"]}]}},"_links":{"self":[{"href":"https:\/\/blog.francedit.com\/index.php?rest_route=\/wp\/v2\/pages\/1432","targetHints":{"allow":["GET"]}}],"collection":[{"href":"https:\/\/blog.francedit.com\/index.php?rest_route=\/wp\/v2\/pages"}],"about":[{"href":"https:\/\/blog.francedit.com\/index.php?rest_route=\/wp\/v2\/types\/page"}],"author":[{"embeddable":true,"href":"https:\/\/blog.francedit.com\/index.php?rest_route=\/wp\/v2\/users\/1"}],"replies":[{"embeddable":true,"href":"https:\/\/blog.francedit.com\/index.php?rest_route=%2Fwp%2Fv2%2Fcomments&post=1432"}],"version-history":[{"count":34,"href":"https:\/\/blog.francedit.com\/index.php?rest_route=\/wp\/v2\/pages\/1432\/revisions"}],"predecessor-version":[{"id":1739,"href":"https:\/\/blog.francedit.com\/index.php?rest_route=\/wp\/v2\/pages\/1432\/revisions\/1739"}],"wp:attachment":[{"href":"https:\/\/blog.francedit.com\/index.php?rest_route=%2Fwp%2Fv2%2Fmedia&parent=1432"}],"curies":[{"name":"wp","href":"https:\/\/api.w.org\/{rel}","templated":true}]}}