{"id":1492,"date":"2023-10-31T16:00:17","date_gmt":"2023-10-31T16:00:17","guid":{"rendered":"https:\/\/blog.francedit.com\/?page_id=1492"},"modified":"2023-10-31T16:17:11","modified_gmt":"2023-10-31T16:17:11","slug":"devis","status":"publish","type":"page","link":"https:\/\/blog.francedit.com\/?page_id=1492","title":{"rendered":"Devis"},"content":{"rendered":"\t\t<div data-elementor-type=\"wp-page\" data-elementor-id=\"1492\" class=\"elementor elementor-1492\">\n\t\t\t\t<div class=\"elementor-element elementor-element-f06690e e-flex e-con-boxed e-con e-parent\" data-id=\"f06690e\" data-element_type=\"container\" data-e-type=\"container\">\n\t\t\t\t\t<div class=\"e-con-inner\">\n\t\t\t\t<div class=\"elementor-element elementor-element-0498317 elementor-widget elementor-widget-wpforms\" data-id=\"0498317\" data-element_type=\"widget\" data-e-type=\"widget\" data-widget_type=\"wpforms.default\">\n\t\t\t\t<div class=\"elementor-widget-container\">\n\t\t\t\t\t<style id=\"wpforms-css-vars-root\">\n\t\t\t\t:root {\n\t\t\t\t\t--wpforms-field-border-radius: 3px;\n--wpforms-field-border-style: solid;\n--wpforms-field-border-size: 1px;\n--wpforms-field-background-color: #ffffff;\n--wpforms-field-border-color: rgba( 0, 0, 0, 0.25 );\n--wpforms-field-border-color-spare: rgba( 0, 0, 0, 0.25 );\n--wpforms-field-text-color: rgba( 0, 0, 0, 0.7 );\n--wpforms-field-menu-color: #ffffff;\n--wpforms-label-color: rgba( 0, 0, 0, 0.85 );\n--wpforms-label-sublabel-color: rgba( 0, 0, 0, 0.55 );\n--wpforms-label-error-color: #d63637;\n--wpforms-button-border-radius: 3px;\n--wpforms-button-border-style: none;\n--wpforms-button-border-size: 1px;\n--wpforms-button-background-color: #066aab;\n--wpforms-button-border-color: #066aab;\n--wpforms-button-text-color: #ffffff;\n--wpforms-page-break-color: #066aab;\n--wpforms-background-image: none;\n--wpforms-background-position: center center;\n--wpforms-background-repeat: no-repeat;\n--wpforms-background-size: cover;\n--wpforms-background-width: 100px;\n--wpforms-background-height: 100px;\n--wpforms-background-color: rgba( 0, 0, 0, 0 );\n--wpforms-background-url: none;\n--wpforms-container-padding: 0px;\n--wpforms-container-border-style: none;\n--wpforms-container-border-width: 1px;\n--wpforms-container-border-color: #000000;\n--wpforms-container-border-radius: 3px;\n--wpforms-field-size-input-height: 43px;\n--wpforms-field-size-input-spacing: 15px;\n--wpforms-field-size-font-size: 16px;\n--wpforms-field-size-line-height: 19px;\n--wpforms-field-size-padding-h: 14px;\n--wpforms-field-size-checkbox-size: 16px;\n--wpforms-field-size-sublabel-spacing: 5px;\n--wpforms-field-size-icon-size: 1;\n--wpforms-label-size-font-size: 16px;\n--wpforms-label-size-line-height: 19px;\n--wpforms-label-size-sublabel-font-size: 14px;\n--wpforms-label-size-sublabel-line-height: 17px;\n--wpforms-button-size-font-size: 17px;\n--wpforms-button-size-height: 41px;\n--wpforms-button-size-padding-h: 15px;\n--wpforms-button-size-margin-top: 10px;\n--wpforms-container-shadow-size-box-shadow: none;\n\n\t\t\t\t}\n\t\t\t<\/style><div class=\"wpforms-container wpforms-render-modern\" id=\"wpforms-1494\"><form id=\"wpforms-form-1494\" class=\"wpforms-validate wpforms-form wpforms-ajax-form\" data-formid=\"1494\" method=\"post\" enctype=\"multipart\/form-data\" action=\"\/index.php?rest_route=%2Fwp%2Fv2%2Fpages%2F1492\" data-token=\"363fe20efa40651d5939cc3c6686dc2d\" data-token-time=\"1778854205\"><noscript class=\"wpforms-error-noscript\">Veuillez activer JavaScript dans votre navigateur pour remplir ce formulaire.<\/noscript><div class=\"wpforms-hidden\" id=\"wpforms-error-noscript\">Veuillez activer JavaScript dans votre navigateur pour remplir ce formulaire.<\/div><div class=\"wpforms-field-container\"><div id=\"wpforms-1494-field_1-container\" class=\"wpforms-field wpforms-field-name\" data-field-id=\"1\"><fieldset><legend class=\"wpforms-field-label\">Nom <span class=\"wpforms-required-label\" aria-hidden=\"true\">*<\/span><\/legend><div class=\"wpforms-field-row wpforms-field-small\"><div class=\"wpforms-field-row-block wpforms-first wpforms-one-half\"><input type=\"text\" id=\"wpforms-1494-field_1\" class=\"wpforms-field-name-first wpforms-field-required\" name=\"wpforms[fields][1][first]\" aria-errormessage=\"wpforms-1494-field_1-error\" required><label for=\"wpforms-1494-field_1\" class=\"wpforms-field-sublabel after\">Pr\u00e9nom<\/label><\/div><div class=\"wpforms-field-row-block wpforms-one-half\"><input type=\"text\" id=\"wpforms-1494-field_1-last\" class=\"wpforms-field-name-last wpforms-field-required\" name=\"wpforms[fields][1][last]\" aria-errormessage=\"wpforms-1494-field_1-last-error\" required><label for=\"wpforms-1494-field_1-last\" class=\"wpforms-field-sublabel after\">Nom<\/label><\/div><\/div><\/fieldset><\/div><div id=\"wpforms-1494-field_5-container\" class=\"wpforms-field wpforms-field-email\" data-field-id=\"5\"><label class=\"wpforms-field-label\" for=\"wpforms-1494-field_5\">E-mail <span class=\"wpforms-required-label\" aria-hidden=\"true\">*<\/span><\/label><input type=\"email\" id=\"wpforms-1494-field_5\" class=\"wpforms-field-small wpforms-field-required\" name=\"wpforms[fields][5]\" spellcheck=\"false\" aria-errormessage=\"wpforms-1494-field_5-error\" required><\/div><div id=\"wpforms-1494-field_6-container\" class=\"wpforms-field wpforms-field-number\" data-field-id=\"6\"><label class=\"wpforms-field-label\" for=\"wpforms-1494-field_6\">T\u00e9l\u00e9phone <span class=\"wpforms-required-label\" aria-hidden=\"true\">*<\/span><\/label><input type=\"number\" id=\"wpforms-1494-field_6\" class=\"wpforms-field-small wpforms-field-required\" name=\"wpforms[fields][6]\" aria-errormessage=\"wpforms-1494-field_6-error\" required><\/div><div id=\"wpforms-1494-field_2-container\" class=\"wpforms-field wpforms-field-select wpforms-field-select-style-modern\" data-field-id=\"2\"><label class=\"wpforms-field-label\" for=\"wpforms-1494-field_2\">Votre demande concerne  <span class=\"wpforms-required-label\" aria-hidden=\"true\">*<\/span><\/label><select id=\"wpforms-1494-field_2\" class=\"wpforms-field-small wpforms-field-required choicesjs-select\" data-size-class=\"wpforms-field-row wpforms-field-small\" data-search-enabled=\"\" name=\"wpforms[fields][2]\" required=\"required\"><option value=\"\" class=\"placeholder\" disabled  selected='selected'>Choisir une option<\/option><option value=\"Un magazine\" >Un magazine<\/option><option value=\"Un guide\" >Un guide<\/option><option value=\"Un agenda\" >Un agenda<\/option><option value=\"Autre\" >Autre<\/option><\/select><\/div><div id=\"wpforms-1494-field_3-container\" class=\"wpforms-field wpforms-field-select wpforms-field-select-style-classic\" data-field-id=\"3\"><label class=\"wpforms-field-label\" for=\"wpforms-1494-field_3\">Comment avez-vous connu France Edition Multimedia ?<\/label><select id=\"wpforms-1494-field_3\" class=\"wpforms-field-small\" name=\"wpforms[fields][3]\"><option value=\"\" class=\"placeholder\" disabled  selected='selected'>Choisir une option<\/option><option value=\"Premier choix\" >Premier choix<\/option><option value=\"Deuxi\u00e8me choix\" >Deuxi\u00e8me choix<\/option><option value=\"Troisi\u00e8me choix\" >Troisi\u00e8me choix<\/option><\/select><\/div><\/div><!-- .wpforms-field-container --><div class=\"wpforms-submit-container\" ><input type=\"hidden\" name=\"wpforms[id]\" value=\"1494\"><input type=\"hidden\" name=\"page_title\" value=\"\"><input type=\"hidden\" name=\"page_url\" value=\"https:\/\/blog.francedit.com\/index.php?rest_route=%2Fwp%2Fv2%2Fpages%2F1492\"><button type=\"submit\" name=\"wpforms[submit]\" id=\"wpforms-submit-1494\" class=\"wpforms-submit\" data-alt-text=\"Envoi...\" data-submit-text=\"Envoyer\" aria-live=\"assertive\" value=\"wpforms-submit\">Envoyer<\/button><img decoding=\"async\" src=\"https:\/\/blog.francedit.com\/wp-content\/plugins\/wpforms-lite\/assets\/images\/submit-spin.svg\" class=\"wpforms-submit-spinner\" style=\"display: none;\" width=\"26\" height=\"26\" alt=\"Chargement en cours\"><\/div><\/form><\/div>  <!-- .wpforms-container -->\t\t\t\t<\/div>\n\t\t\t\t<\/div>\n\t\t\t\t\t<\/div>\n\t\t\t\t<\/div>\n\t\t\t\t<\/div>\n\t\t","protected":false},"excerpt":{"rendered":"<p>Veuillez activer JavaScript dans votre navigateur pour remplir ce formulaire.Veuillez activer JavaScript dans votre navigateur pour remplir ce formulaire. Nom * Pr\u00e9nomNom E-mail *T\u00e9l\u00e9phone *Votre demande concerne : *Choisir une optionUn agendaUn magazineUn guideAutre (veuillez nous pr\u00e9ciser votre demandeComment avez-vous connu France Edition Multimedia ?Choisir une optionPremier choixDeuxi\u00e8me choixTroisi\u00e8me choix Envoyer<\/p>\n","protected":false},"author":1,"featured_media":0,"parent":0,"menu_order":0,"comment_status":"closed","ping_status":"closed","template":"","meta":{"site-sidebar-layout":"no-sidebar","site-content-layout":"page-builder","ast-site-content-layout":"full-width-container","site-content-style":"default","site-sidebar-style":"default","ast-global-header-display":"","ast-banner-title-visibility":"","ast-main-header-display":"","ast-hfb-above-header-display":"","ast-hfb-below-header-display":"","ast-hfb-mobile-header-display":"","site-post-title":"disabled","ast-breadcrumbs-content":"","ast-featured-img":"disabled","footer-sml-layout":"","theme-transparent-header-meta":"","adv-header-id-meta":"","stick-header-meta":"","header-above-stick-meta":"","header-main-stick-meta":"","header-below-stick-meta":"","astra-migrate-meta-layouts":"","ast-page-background-enabled":"default","ast-page-background-meta":{"desktop":{"background-color":"","background-image":"","background-repeat":"repeat","background-position":"center center","background-size":"auto","background-attachment":"scroll","background-type":"","background-media":"","overlay-type":"","overlay-color":"","overlay-gradient":""},"tablet":{"background-color":"","background-image":"","background-repeat":"repeat","background-position":"center center","background-size":"auto","background-attachment":"scroll","background-type":"","background-media":"","overlay-type":"","overlay-color":"","overlay-gradient":""},"mobile":{"background-color":"","background-image":"","background-repeat":"repeat","background-position":"center center","background-size":"auto","background-attachment":"scroll","background-type":"","background-media":"","overlay-type":"","overlay-color":"","overlay-gradient":""}},"ast-content-background-meta":{"desktop":{"background-color":"var(--ast-global-color-5)","background-image":"","background-repeat":"repeat","background-position":"center center","background-size":"auto","background-attachment":"scroll","background-type":"","background-media":"","overlay-type":"","overlay-color":"","overlay-gradient":""},"tablet":{"background-color":"var(--ast-global-color-5)","background-image":"","background-repeat":"repeat","background-position":"center center","background-size":"auto","background-attachment":"scroll","background-type":"","background-media":"","overlay-type":"","overlay-color":"","overlay-gradient":""},"mobile":{"background-color":"var(--ast-global-color-5)","background-image":"","background-repeat":"repeat","background-position":"center center","background-size":"auto","background-attachment":"scroll","background-type":"","background-media":"","overlay-type":"","overlay-color":"","overlay-gradient":""}},"footnotes":""},"class_list":["post-1492","page","type-page","status-publish","hentry"],"yoast_head":"<!-- This site is optimized with the Yoast SEO plugin v27.6 - https:\/\/yoast.com\/product\/yoast-seo-wordpress\/ -->\n<title>Devis - Blog France Edition<\/title>\n<meta name=\"robots\" content=\"index, follow, max-snippet:-1, max-image-preview:large, max-video-preview:-1\" \/>\n<link rel=\"canonical\" href=\"https:\/\/blog.francedit.com\/?page_id=1492\" \/>\n<meta property=\"og:locale\" content=\"fr_FR\" \/>\n<meta property=\"og:type\" content=\"article\" \/>\n<meta property=\"og:title\" content=\"Devis - Blog France Edition\" \/>\n<meta property=\"og:description\" content=\"Veuillez activer JavaScript dans votre navigateur pour remplir ce formulaire.Veuillez activer JavaScript dans votre navigateur pour remplir ce formulaire. Nom * Pr\u00e9nomNom E-mail *T\u00e9l\u00e9phone *Votre demande concerne : *Choisir une optionUn agendaUn magazineUn guideAutre (veuillez nous pr\u00e9ciser votre demandeComment avez-vous connu France Edition Multimedia ?Choisir une optionPremier choixDeuxi\u00e8me choixTroisi\u00e8me choix Envoyer\" \/>\n<meta property=\"og:url\" content=\"https:\/\/blog.francedit.com\/?page_id=1492\" \/>\n<meta property=\"og:site_name\" content=\"Blog France Edition\" \/>\n<meta property=\"article:publisher\" content=\"https:\/\/www.facebook.com\/francedit.multimedia\" \/>\n<meta property=\"article:modified_time\" content=\"2023-10-31T16:17:11+00:00\" \/>\n<meta property=\"og:image\" content=\"https:\/\/blog.francedit.com\/wp-content\/plugins\/wpforms-lite\/assets\/images\/submit-spin.svg\" \/>\n<meta name=\"twitter:card\" content=\"summary_large_image\" \/>\n<meta name=\"twitter:label1\" content=\"Dur\u00e9e de lecture estim\u00e9e\" \/>\n\t<meta name=\"twitter:data1\" content=\"1 minute\" \/>\n<script type=\"application\/ld+json\" class=\"yoast-schema-graph\">{\"@context\":\"https:\\\/\\\/schema.org\",\"@graph\":[{\"@type\":\"WebPage\",\"@id\":\"https:\\\/\\\/blog.francedit.com\\\/?page_id=1492\",\"url\":\"https:\\\/\\\/blog.francedit.com\\\/?page_id=1492\",\"name\":\"Devis - Blog France Edition\",\"isPartOf\":{\"@id\":\"https:\\\/\\\/blog.francedit.com\\\/#website\"},\"primaryImageOfPage\":{\"@id\":\"https:\\\/\\\/blog.francedit.com\\\/?page_id=1492#primaryimage\"},\"image\":{\"@id\":\"https:\\\/\\\/blog.francedit.com\\\/?page_id=1492#primaryimage\"},\"thumbnailUrl\":\"https:\\\/\\\/blog.francedit.com\\\/wp-content\\\/plugins\\\/wpforms-lite\\\/assets\\\/images\\\/submit-spin.svg\",\"datePublished\":\"2023-10-31T16:00:17+00:00\",\"dateModified\":\"2023-10-31T16:17:11+00:00\",\"breadcrumb\":{\"@id\":\"https:\\\/\\\/blog.francedit.com\\\/?page_id=1492#breadcrumb\"},\"inLanguage\":\"fr-FR\",\"potentialAction\":[{\"@type\":\"ReadAction\",\"target\":[\"https:\\\/\\\/blog.francedit.com\\\/?page_id=1492\"]}]},{\"@type\":\"ImageObject\",\"inLanguage\":\"fr-FR\",\"@id\":\"https:\\\/\\\/blog.francedit.com\\\/?page_id=1492#primaryimage\",\"url\":\"https:\\\/\\\/blog.francedit.com\\\/wp-content\\\/plugins\\\/wpforms-lite\\\/assets\\\/images\\\/submit-spin.svg\",\"contentUrl\":\"https:\\\/\\\/blog.francedit.com\\\/wp-content\\\/plugins\\\/wpforms-lite\\\/assets\\\/images\\\/submit-spin.svg\"},{\"@type\":\"BreadcrumbList\",\"@id\":\"https:\\\/\\\/blog.francedit.com\\\/?page_id=1492#breadcrumb\",\"itemListElement\":[{\"@type\":\"ListItem\",\"position\":1,\"name\":\"Accueil\",\"item\":\"https:\\\/\\\/blog.francedit.com\\\/\"},{\"@type\":\"ListItem\",\"position\":2,\"name\":\"Devis\"}]},{\"@type\":\"WebSite\",\"@id\":\"https:\\\/\\\/blog.francedit.com\\\/#website\",\"url\":\"https:\\\/\\\/blog.francedit.com\\\/\",\"name\":\"Blog France Edition\",\"description\":\"Blog France Edition Multimedia\",\"publisher\":{\"@id\":\"https:\\\/\\\/blog.francedit.com\\\/#organization\"},\"potentialAction\":[{\"@type\":\"SearchAction\",\"target\":{\"@type\":\"EntryPoint\",\"urlTemplate\":\"https:\\\/\\\/blog.francedit.com\\\/?s={search_term_string}\"},\"query-input\":{\"@type\":\"PropertyValueSpecification\",\"valueRequired\":true,\"valueName\":\"search_term_string\"}}],\"inLanguage\":\"fr-FR\"},{\"@type\":\"Organization\",\"@id\":\"https:\\\/\\\/blog.francedit.com\\\/#organization\",\"name\":\"Blog France Edition\",\"url\":\"https:\\\/\\\/blog.francedit.com\\\/\",\"logo\":{\"@type\":\"ImageObject\",\"inLanguage\":\"fr-FR\",\"@id\":\"https:\\\/\\\/blog.francedit.com\\\/#\\\/schema\\\/logo\\\/image\\\/\",\"url\":\"https:\\\/\\\/blog.francedit.com\\\/wp-content\\\/uploads\\\/2023\\\/10\\\/cropped-fem-logo-carre-fotor-bg-remover-2023102615525-1.png\",\"contentUrl\":\"https:\\\/\\\/blog.francedit.com\\\/wp-content\\\/uploads\\\/2023\\\/10\\\/cropped-fem-logo-carre-fotor-bg-remover-2023102615525-1.png\",\"width\":500,\"height\":500,\"caption\":\"Blog France Edition\"},\"image\":{\"@id\":\"https:\\\/\\\/blog.francedit.com\\\/#\\\/schema\\\/logo\\\/image\\\/\"},\"sameAs\":[\"https:\\\/\\\/www.facebook.com\\\/francedit.multimedia\",\"https:\\\/\\\/www.linkedin.com\\\/company\\\/france-edition-multimdia\\\/\"]}]}<\/script>\n<!-- \/ Yoast SEO plugin. -->","yoast_head_json":{"title":"Devis - Blog France Edition","robots":{"index":"index","follow":"follow","max-snippet":"max-snippet:-1","max-image-preview":"max-image-preview:large","max-video-preview":"max-video-preview:-1"},"canonical":"https:\/\/blog.francedit.com\/?page_id=1492","og_locale":"fr_FR","og_type":"article","og_title":"Devis - Blog France Edition","og_description":"Veuillez activer JavaScript dans votre navigateur pour remplir ce formulaire.Veuillez activer JavaScript dans votre navigateur pour remplir ce formulaire. Nom * Pr\u00e9nomNom E-mail *T\u00e9l\u00e9phone *Votre demande concerne : *Choisir une optionUn agendaUn magazineUn guideAutre (veuillez nous pr\u00e9ciser votre demandeComment avez-vous connu France Edition Multimedia ?Choisir une optionPremier choixDeuxi\u00e8me choixTroisi\u00e8me choix Envoyer","og_url":"https:\/\/blog.francedit.com\/?page_id=1492","og_site_name":"Blog France Edition","article_publisher":"https:\/\/www.facebook.com\/francedit.multimedia","article_modified_time":"2023-10-31T16:17:11+00:00","og_image":[{"url":"https:\/\/blog.francedit.com\/wp-content\/plugins\/wpforms-lite\/assets\/images\/submit-spin.svg","type":"","width":"","height":""}],"twitter_card":"summary_large_image","twitter_misc":{"Dur\u00e9e de lecture estim\u00e9e":"1 minute"},"schema":{"@context":"https:\/\/schema.org","@graph":[{"@type":"WebPage","@id":"https:\/\/blog.francedit.com\/?page_id=1492","url":"https:\/\/blog.francedit.com\/?page_id=1492","name":"Devis - Blog France Edition","isPartOf":{"@id":"https:\/\/blog.francedit.com\/#website"},"primaryImageOfPage":{"@id":"https:\/\/blog.francedit.com\/?page_id=1492#primaryimage"},"image":{"@id":"https:\/\/blog.francedit.com\/?page_id=1492#primaryimage"},"thumbnailUrl":"https:\/\/blog.francedit.com\/wp-content\/plugins\/wpforms-lite\/assets\/images\/submit-spin.svg","datePublished":"2023-10-31T16:00:17+00:00","dateModified":"2023-10-31T16:17:11+00:00","breadcrumb":{"@id":"https:\/\/blog.francedit.com\/?page_id=1492#breadcrumb"},"inLanguage":"fr-FR","potentialAction":[{"@type":"ReadAction","target":["https:\/\/blog.francedit.com\/?page_id=1492"]}]},{"@type":"ImageObject","inLanguage":"fr-FR","@id":"https:\/\/blog.francedit.com\/?page_id=1492#primaryimage","url":"https:\/\/blog.francedit.com\/wp-content\/plugins\/wpforms-lite\/assets\/images\/submit-spin.svg","contentUrl":"https:\/\/blog.francedit.com\/wp-content\/plugins\/wpforms-lite\/assets\/images\/submit-spin.svg"},{"@type":"BreadcrumbList","@id":"https:\/\/blog.francedit.com\/?page_id=1492#breadcrumb","itemListElement":[{"@type":"ListItem","position":1,"name":"Accueil","item":"https:\/\/blog.francedit.com\/"},{"@type":"ListItem","position":2,"name":"Devis"}]},{"@type":"WebSite","@id":"https:\/\/blog.francedit.com\/#website","url":"https:\/\/blog.francedit.com\/","name":"Blog France Edition","description":"Blog France Edition Multimedia","publisher":{"@id":"https:\/\/blog.francedit.com\/#organization"},"potentialAction":[{"@type":"SearchAction","target":{"@type":"EntryPoint","urlTemplate":"https:\/\/blog.francedit.com\/?s={search_term_string}"},"query-input":{"@type":"PropertyValueSpecification","valueRequired":true,"valueName":"search_term_string"}}],"inLanguage":"fr-FR"},{"@type":"Organization","@id":"https:\/\/blog.francedit.com\/#organization","name":"Blog France Edition","url":"https:\/\/blog.francedit.com\/","logo":{"@type":"ImageObject","inLanguage":"fr-FR","@id":"https:\/\/blog.francedit.com\/#\/schema\/logo\/image\/","url":"https:\/\/blog.francedit.com\/wp-content\/uploads\/2023\/10\/cropped-fem-logo-carre-fotor-bg-remover-2023102615525-1.png","contentUrl":"https:\/\/blog.francedit.com\/wp-content\/uploads\/2023\/10\/cropped-fem-logo-carre-fotor-bg-remover-2023102615525-1.png","width":500,"height":500,"caption":"Blog France Edition"},"image":{"@id":"https:\/\/blog.francedit.com\/#\/schema\/logo\/image\/"},"sameAs":["https:\/\/www.facebook.com\/francedit.multimedia","https:\/\/www.linkedin.com\/company\/france-edition-multimdia\/"]}]}},"_links":{"self":[{"href":"https:\/\/blog.francedit.com\/index.php?rest_route=\/wp\/v2\/pages\/1492","targetHints":{"allow":["GET"]}}],"collection":[{"href":"https:\/\/blog.francedit.com\/index.php?rest_route=\/wp\/v2\/pages"}],"about":[{"href":"https:\/\/blog.francedit.com\/index.php?rest_route=\/wp\/v2\/types\/page"}],"author":[{"embeddable":true,"href":"https:\/\/blog.francedit.com\/index.php?rest_route=\/wp\/v2\/users\/1"}],"replies":[{"embeddable":true,"href":"https:\/\/blog.francedit.com\/index.php?rest_route=%2Fwp%2Fv2%2Fcomments&post=1492"}],"version-history":[{"count":5,"href":"https:\/\/blog.francedit.com\/index.php?rest_route=\/wp\/v2\/pages\/1492\/revisions"}],"predecessor-version":[{"id":1506,"href":"https:\/\/blog.francedit.com\/index.php?rest_route=\/wp\/v2\/pages\/1492\/revisions\/1506"}],"wp:attachment":[{"href":"https:\/\/blog.francedit.com\/index.php?rest_route=%2Fwp%2Fv2%2Fmedia&parent=1492"}],"curies":[{"name":"wp","href":"https:\/\/api.w.org\/{rel}","templated":true}]}}